{"id":28227,"date":"2026-03-28T12:59:47","date_gmt":"2026-03-28T11:59:47","guid":{"rendered":"https:\/\/weingut-kaufmann-ziegler.de\/catalog\/produkt\/artikel-nr-7702025-glueckliches-haendchen-handwerk-feinherb-075l\/"},"modified":"2026-05-12T08:29:06","modified_gmt":"2026-05-12T06:29:06","slug":"artikel-nr-7702025-glueckliches-haendchen-handwerk-feinherb-075l","status":"publish","type":"product","link":"https:\/\/weingut-kaufmann-ziegler.de\/catalog\/produkt\/artikel-nr-7702025-glueckliches-haendchen-handwerk-feinherb-075l\/","title":{"rendered":"<br>Artikel-Nr.: 770<br>2025 Gl\u00fcckliches H\u00e4ndchen HandWerk feinherb 0,75l<br>"},"content":{"rendered":"\n<div align=\"left\"><font size=\"2\"><br \/><!-- IBGHTML -->Unsere Lagenweine stammen aus unseren wertvollsten Lagen, vom Weyherer Michelsberg. Sie zeichnen sich durch perfekte Balance zwischen Reben, Boden, Standort und Klima aus. Freuen Sie sich auf ausdrucksstarke Weine f\u00fcr besondere Genusserlebnisse.<\/p>\n<p>Diese Wei\u00dfweincuv\u00e9e aus Muscaris und Riesling kommt wunderbar frisch daher und verw\u00f6hnt gleichzeitig mit intensiven Fruchtaromen sowie einem ganz feinen S\u00fc\u00dfeeindruck. Der perfekte Geheimtipp zum Genies\u00dfen an hei\u00dfen Tagen im Garten oder auf der Terasse.<br \/> <\/font><\/div>\n<table WIDTH=\"60%\" BORDER=\"0\" align=\"left\" CELLPADDING=\"0\" CELLSPACING=\"0\"><\/p>\n<tr><\/p>\n<td width=\"53%\"><font size=\"-1\">Artikelnummer:<\/font><\/td>\n<td width=\"47%\"><font size=\"-1\"><strong>770<\/strong><\/font><\/td>\n<p><\/tr>\n<tr><\/p>\n<td><font size=\"-1\">Inhalt<\/font><\/td>\n<td><font size=\"-1\"><strong>0,75 Ltr.<\/strong><\/font><\/td>\n<p><\/tr>\n<tr ALIGN=\"LEFT\"><\/p>\n<td><font size=\"-1\">Preis\/Ltr.<\/font><\/td>\n<td><font size=\"-1\"><strong>1026,67 EUR pro Ltr.<\/strong><\/font><\/td>\n<p><\/tr>\n<tr><\/p>\n<td><font size=\"-1\">Weinart:<\/font><\/td>\n<td><font size=\"-1\"><strong>Wei\u00dfwein<\/strong><\/font><\/td>\n<p><\/tr>\n<tr><\/p>\n<td><font size=\"-1\">Qualit&auml;tsstufe<\/font><\/td>\n<td><font size=\"-1\"><strong>Qualit\u00e4tswein<\/strong><\/font><\/td>\n<p><\/tr>\n<tr><\/p>\n<td><font size=\"-1\">Rebsorte<\/font><\/td>\n<td><font size=\"-1\"><strong>Riesling und Muscaris<\/strong><\/font><\/td>\n<p><\/tr>\n<p><\/p>\n<td><font size=\"-1\">Alkoholgehalt<\/font><\/td>\n<td><font size=\"-1\"><strong>12,0 Vol. %<\/strong><\/font><\/td>\n<p><\/tr>\n<p><\/p>\n<tr>\n<td><font size=\"-1\">Bio:<\/font><\/td>\n<td><font size=\"-1\"><strong>NEIN<\/strong><\/font><\/td>\n<\/tr>\n<p><\/p>\n<tr>\n<td><font size=\"-1\">enth\u00e4lt Allergene:<\/font><\/td>\n<td><font size=\"-1\"><strong>Sulfite<\/strong><\/font><\/td>\n<\/tr>\n<p><\/table>\n","protected":false},"excerpt":{"rendered":"<p>Unsere Lagenweine stammen aus unseren wertvollsten Lagen, vom Weyherer Michelsberg. Sie zeichnen sich durch perfekte Balance zwischen Reben, Boden, Standort und Klima aus. Freuen Sie sich auf ausdrucksstarke Weine f\u00fcr besondere Genusserlebnisse. Diese Wei\u00dfweincuv\u00e9e aus Muscaris und Riesling kommt wunderbar frisch daher und verw\u00f6hnt gleichzeitig mit intensiven Fruchtaromen sowie einem ganz feinen S\u00fc\u00dfeeindruck. Der perfekte [&hellip;]<\/p>\n","protected":false},"featured_media":27779,"template":"","meta":[],"product_brand":[],"product_cat":[1369],"product_tag":[],"class_list":{"0":"post-28227","1":"product","2":"type-product","3":"status-publish","4":"has-post-thumbnail","6":"product_cat-edition-handwerk","8":"first","9":"instock","10":"taxable","11":"shipping-taxable","12":"purchasable","13":"product-type-simple"},"_links":{"self":[{"href":"https:\/\/weingut-kaufmann-ziegler.de\/catalog\/wp-json\/wp\/v2\/product\/28227","targetHints":{"allow":["GET"]}}],"collection":[{"href":"https:\/\/weingut-kaufmann-ziegler.de\/catalog\/wp-json\/wp\/v2\/product"}],"about":[{"href":"https:\/\/weingut-kaufmann-ziegler.de\/catalog\/wp-json\/wp\/v2\/types\/product"}],"wp:featuredmedia":[{"embeddable":true,"href":"https:\/\/weingut-kaufmann-ziegler.de\/catalog\/wp-json\/wp\/v2\/media\/27779"}],"wp:attachment":[{"href":"https:\/\/weingut-kaufmann-ziegler.de\/catalog\/wp-json\/wp\/v2\/media?parent=28227"}],"wp:term":[{"taxonomy":"product_brand","embeddable":true,"href":"https:\/\/weingut-kaufmann-ziegler.de\/catalog\/wp-json\/wp\/v2\/product_brand?post=28227"},{"taxonomy":"product_cat","embeddable":true,"href":"https:\/\/weingut-kaufmann-ziegler.de\/catalog\/wp-json\/wp\/v2\/product_cat?post=28227"},{"taxonomy":"product_tag","embeddable":true,"href":"https:\/\/weingut-kaufmann-ziegler.de\/catalog\/wp-json\/wp\/v2\/product_tag?post=28227"}],"curies":[{"name":"wp","href":"https:\/\/api.w.org\/{rel}","templated":true}]}}