{"id":28172,"date":"2026-01-22T13:44:11","date_gmt":"2026-01-22T12:44:11","guid":{"rendered":"https:\/\/weingut-kaufmann-ziegler.de\/catalog\/produkt\/artikel-nr-2202025-grauburgunder-trocken-10l\/"},"modified":"2026-03-28T12:59:10","modified_gmt":"2026-03-28T11:59:10","slug":"artikel-nr-2202025-grauburgunder-trocken-10l","status":"publish","type":"product","link":"https:\/\/weingut-kaufmann-ziegler.de\/catalog\/produkt\/artikel-nr-2202025-grauburgunder-trocken-10l\/","title":{"rendered":"<br>Artikel-Nr.: 220<br>2025 Grauburgunder trocken 1,0l<br>"},"content":{"rendered":"\n<div align=\"left\"><font size=\"2\"><\/p>\n<p><!-- IBGHTML -->kr\u00e4ftige Burgunderart- Lebensgenuss!<!-- IBGHTML --><br \/> <\/font><\/div>\n<table WIDTH=\"60%\" BORDER=\"0\" align=\"left\" CELLPADDING=\"0\" CELLSPACING=\"0\"><\/p>\n<tr><\/p>\n<td width=\"53%\"><font size=\"-1\">Artikelnummer:<\/font><\/td>\n<td width=\"47%\"><font size=\"-1\"><strong>220<\/strong><\/font><\/td>\n<p><\/tr>\n<tr><\/p>\n<td><font size=\"-1\">Inhalt<\/font><\/td>\n<td><font size=\"-1\"><strong>1,0 Ltr.<\/strong><\/font><\/td>\n<p><\/tr>\n<tr ALIGN=\"LEFT\"><\/p>\n<td><font size=\"-1\">Preis\/Ltr.<\/font><\/td>\n<td><font size=\"-1\"><strong>5,80 EUR pro Ltr.<\/strong><\/font><\/td>\n<p><\/tr>\n<tr><\/p>\n<td><font size=\"-1\">Weinart:<\/font><\/td>\n<td><font size=\"-1\"><strong>Wei\u00dfwein<\/strong><\/font><\/td>\n<p><\/tr>\n<tr><\/p>\n<td><font size=\"-1\">Qualit&auml;tsstufe<\/font><\/td>\n<td><font size=\"-1\"><strong>Qualit\u00e4tswein<\/strong><\/font><\/td>\n<p><\/tr>\n<tr><\/p>\n<td><font size=\"-1\">Rebsorte<\/font><\/td>\n<td><font size=\"-1\"><strong>Grauburgunder<\/strong><\/font><\/td>\n<p><\/tr>\n<p><\/p>\n<td><font size=\"-1\">Alkoholgehalt<\/font><\/td>\n<td><font size=\"-1\"><strong>13,0 Vol. %<\/strong><\/font><\/td>\n<p><\/tr>\n<p><\/p>\n<tr>\n<td><font size=\"-1\">Bio:<\/font><\/td>\n<td><font size=\"-1\"><strong>NEIN<\/strong><\/font><\/td>\n<\/tr>\n<p><\/p>\n<tr>\n<td><font size=\"-1\">enth\u00e4lt Allergene:<\/font><\/td>\n<td><font size=\"-1\"><strong>Sulfite<\/strong><\/font><\/td>\n<\/tr>\n<p><\/table>\n","protected":false},"excerpt":{"rendered":"<p>kr\u00e4ftige Burgunderart- Lebensgenuss! Artikelnummer: 220 Inhalt 1,0 Ltr. Preis\/Ltr. 5,80 EUR pro Ltr. Weinart: Wei\u00dfwein Qualit&auml;tsstufe Qualit\u00e4tswein Rebsorte Grauburgunder Alkoholgehalt 13,0 Vol. % Bio: NEIN enth\u00e4lt Allergene: Sulfite<\/p>\n","protected":false},"featured_media":27780,"template":"","meta":[],"product_brand":[],"product_cat":[1364],"product_tag":[],"class_list":{"0":"post-28172","1":"product","2":"type-product","3":"status-publish","4":"has-post-thumbnail","6":"product_cat-weissweine","8":"first","9":"instock","10":"taxable","11":"shipping-taxable","12":"purchasable","13":"product-type-simple"},"_links":{"self":[{"href":"https:\/\/weingut-kaufmann-ziegler.de\/catalog\/wp-json\/wp\/v2\/product\/28172","targetHints":{"allow":["GET"]}}],"collection":[{"href":"https:\/\/weingut-kaufmann-ziegler.de\/catalog\/wp-json\/wp\/v2\/product"}],"about":[{"href":"https:\/\/weingut-kaufmann-ziegler.de\/catalog\/wp-json\/wp\/v2\/types\/product"}],"wp:featuredmedia":[{"embeddable":true,"href":"https:\/\/weingut-kaufmann-ziegler.de\/catalog\/wp-json\/wp\/v2\/media\/27780"}],"wp:attachment":[{"href":"https:\/\/weingut-kaufmann-ziegler.de\/catalog\/wp-json\/wp\/v2\/media?parent=28172"}],"wp:term":[{"taxonomy":"product_brand","embeddable":true,"href":"https:\/\/weingut-kaufmann-ziegler.de\/catalog\/wp-json\/wp\/v2\/product_brand?post=28172"},{"taxonomy":"product_cat","embeddable":true,"href":"https:\/\/weingut-kaufmann-ziegler.de\/catalog\/wp-json\/wp\/v2\/product_cat?post=28172"},{"taxonomy":"product_tag","embeddable":true,"href":"https:\/\/weingut-kaufmann-ziegler.de\/catalog\/wp-json\/wp\/v2\/product_tag?post=28172"}],"curies":[{"name":"wp","href":"https:\/\/api.w.org\/{rel}","templated":true}]}}