{"id":27882,"date":"2025-04-16T12:23:05","date_gmt":"2025-04-16T10:23:05","guid":{"rendered":"https:\/\/weingut-kaufmann-ziegler.de\/catalog\/produkt\/artikel-nr-fah-2021family-paket\/"},"modified":"2026-05-12T08:29:09","modified_gmt":"2026-05-12T06:29:09","slug":"artikel-nr-fah-2021familybox","status":"publish","type":"product","link":"https:\/\/weingut-kaufmann-ziegler.de\/catalog\/produkt\/artikel-nr-fah-2021familybox\/","title":{"rendered":"<br>Artikel-Nr.: FAH 2021<br>Familybox<br>"},"content":{"rendered":"\n<div align=\"left\"><font size=\"2\"><br \/><!-- IBGHTML --><strong><u>Family&nbsp;Paket<br \/><\/u><\/strong><br \/>Traubensaft wei\u00df 1,0l<br \/>Sauvignon blanc trocken&nbsp;0,75l<br \/>Gl\u00fcckliches H\u00e4ndchen feinherb&nbsp;0,75l<br \/>Traubensaft rot 1,0l<br \/>Zecco wei\u00df 0,75l<br \/>Weinfiguren Fruchtgummis 150g<br \/>Malbuch f\u00fcr kleine Weinprinzessinnen und Weinprinzen<br \/>Malstifte (Holz- und Wachsmalstifte)<\/p>\n<p> <\/font><\/div>\n<table WIDTH=\"60%\" BORDER=\"0\" align=\"left\" CELLPADDING=\"0\" CELLSPACING=\"0\"><\/p>\n<tr><\/p>\n<td width=\"53%\"><font size=\"-1\">Artikelnummer:<\/font><\/td>\n<td width=\"47%\"><font size=\"-1\"><strong>FAH 2021<\/strong><\/font><\/td>\n<p><\/tr>\n<tr><\/p>\n<td><font size=\"-1\">Inhalt<\/font><\/td>\n<td><font size=\"-1\"><strong><\/strong><\/font><\/td>\n<p><\/tr>\n<tr ALIGN=\"LEFT\"><\/p>\n<td><font size=\"-1\">Preis\/Ltr.<\/font><\/td>\n<td><font size=\"-1\"><strong><\/strong><\/font><\/td>\n<p><\/tr>\n<tr><\/p>\n<td><font size=\"-1\">Weinart:<\/font><\/td>\n<td><font size=\"-1\"><strong><\/strong><\/font><\/td>\n<p><\/tr>\n<tr><\/p>\n<td><font size=\"-1\">Qualit&auml;tsstufe<\/font><\/td>\n<td><font size=\"-1\"><strong><\/strong><\/font><\/td>\n<p><\/tr>\n<tr><\/p>\n<td><font size=\"-1\">Rebsorte<\/font><\/td>\n<td><font size=\"-1\"><strong><\/strong><\/font><\/td>\n<p><\/tr>\n<p><\/p>\n<td><font size=\"-1\">Alkoholgehalt<\/font><\/td>\n<td><font size=\"-1\"><strong><\/strong><\/font><\/td>\n<p><\/tr>\n<p><\/p>\n<tr>\n<td><font size=\"-1\">Bio:<\/font><\/td>\n<td><font size=\"-1\"><strong>NEIN<\/strong><\/font><\/td>\n<\/tr>\n<p><\/p>\n<tr>\n<td><font size=\"-1\">enth\u00e4lt Allergene:<\/font><\/td>\n<td><font size=\"-1\"><strong>Sulfite<\/strong><\/font><\/td>\n<\/tr>\n<p><\/table>\n","protected":false},"excerpt":{"rendered":"<p>Family&nbsp;PaketTraubensaft wei\u00df 1,0lSauvignon blanc trocken&nbsp;0,75lGl\u00fcckliches H\u00e4ndchen feinherb&nbsp;0,75lTraubensaft rot 1,0lZecco wei\u00df 0,75lWeinfiguren Fruchtgummis 150gMalbuch f\u00fcr kleine Weinprinzessinnen und WeinprinzenMalstifte (Holz- und Wachsmalstifte) Artikelnummer: FAH 2021 Inhalt Preis\/Ltr. Weinart: Qualit&auml;tsstufe Rebsorte Alkoholgehalt Bio: NEIN enth\u00e4lt Allergene: Sulfite<\/p>\n","protected":false},"featured_media":27774,"template":"","meta":[],"product_brand":[],"product_cat":[1372],"product_tag":[],"class_list":{"0":"post-27882","1":"product","2":"type-product","3":"status-publish","4":"has-post-thumbnail","6":"product_cat-probierpakete","8":"first","9":"instock","10":"featured","11":"taxable","12":"shipping-taxable","13":"purchasable","14":"product-type-simple"},"_links":{"self":[{"href":"https:\/\/weingut-kaufmann-ziegler.de\/catalog\/wp-json\/wp\/v2\/product\/27882","targetHints":{"allow":["GET"]}}],"collection":[{"href":"https:\/\/weingut-kaufmann-ziegler.de\/catalog\/wp-json\/wp\/v2\/product"}],"about":[{"href":"https:\/\/weingut-kaufmann-ziegler.de\/catalog\/wp-json\/wp\/v2\/types\/product"}],"wp:featuredmedia":[{"embeddable":true,"href":"https:\/\/weingut-kaufmann-ziegler.de\/catalog\/wp-json\/wp\/v2\/media\/27774"}],"wp:attachment":[{"href":"https:\/\/weingut-kaufmann-ziegler.de\/catalog\/wp-json\/wp\/v2\/media?parent=27882"}],"wp:term":[{"taxonomy":"product_brand","embeddable":true,"href":"https:\/\/weingut-kaufmann-ziegler.de\/catalog\/wp-json\/wp\/v2\/product_brand?post=27882"},{"taxonomy":"product_cat","embeddable":true,"href":"https:\/\/weingut-kaufmann-ziegler.de\/catalog\/wp-json\/wp\/v2\/product_cat?post=27882"},{"taxonomy":"product_tag","embeddable":true,"href":"https:\/\/weingut-kaufmann-ziegler.de\/catalog\/wp-json\/wp\/v2\/product_tag?post=27882"}],"curies":[{"name":"wp","href":"https:\/\/api.w.org\/{rel}","templated":true}]}}