{"id":27881,"date":"2025-04-16T12:23:04","date_gmt":"2025-04-16T10:23:04","guid":{"rendered":"https:\/\/weingut-kaufmann-ziegler.de\/catalog\/produkt\/artikel-nr-999traubensaft-rot-1l\/"},"modified":"2026-03-28T13:23:55","modified_gmt":"2026-03-28T12:23:55","slug":"artikel-nr-999traubensaft-rot-1l","status":"publish","type":"product","link":"https:\/\/weingut-kaufmann-ziegler.de\/catalog\/produkt\/artikel-nr-999traubensaft-rot-1l\/","title":{"rendered":"<br>Artikel-Nr.: 999<br>Traubensaft Rot 1l<br>"},"content":{"rendered":"\n<div align=\"left\"><font size=\"2\"><br \/><!-- IBGHTML -->Die pure Kraft der&nbsp;Dornfelder &#8211; Traube<\/p>\n<p><u>N\u00e4hrwertngaben\/pro 100ml:<\/u><br \/>Brennwert: 293kJ\/69 kcal<br \/>Kohlenhydrate 16,7g<br \/>davon Zucker 16,7g<br \/>Enth\u00e4lt geringf\u00fcgige Mengen von Fett,<br \/>ges\u00e4ttigten Fetts\u00e4uren, Eiwei\u00df und Salz<\/p>\n<p>Zutaten: Traubensaft<br \/>Mindestens haltbar bis:12\/2025<\/p>\n<p> <\/font><\/div>\n<table WIDTH=\"60%\" BORDER=\"0\" align=\"left\" CELLPADDING=\"0\" CELLSPACING=\"0\"><\/p>\n<tr><\/p>\n<td width=\"53%\"><font size=\"-1\">Artikelnummer:<\/font><\/td>\n<td width=\"47%\"><font size=\"-1\"><strong>999<\/strong><\/font><\/td>\n<p><\/tr>\n<tr><\/p>\n<td><font size=\"-1\">Inhalt<\/font><\/td>\n<td><font size=\"-1\"><strong>1,0 Ltr.<\/strong><\/font><\/td>\n<p><\/tr>\n<tr ALIGN=\"LEFT\"><\/p>\n<td><font size=\"-1\">Preis\/Ltr.<\/font><\/td>\n<td><font size=\"-1\"><strong>3,80 EUR pro Ltr.<\/strong><\/font><\/td>\n<p><\/tr>\n<tr><\/p>\n<td><font size=\"-1\">Weinart:<\/font><\/td>\n<td><font size=\"-1\"><strong>Traubensaft rot<\/strong><\/font><\/td>\n<p><\/tr>\n<tr><\/p>\n<td><font size=\"-1\">Qualit&auml;tsstufe<\/font><\/td>\n<td><font size=\"-1\"><strong>Traubensaft<\/strong><\/font><\/td>\n<p><\/tr>\n<tr><\/p>\n<td><font size=\"-1\">Rebsorte<\/font><\/td>\n<td><font size=\"-1\"><strong>Dornfelder<\/strong><\/font><\/td>\n<p><\/tr>\n<p><\/p>\n<td><font size=\"-1\">Alkoholgehalt<\/font><\/td>\n<td><font size=\"-1\"><strong><\/strong><\/font><\/td>\n<p><\/tr>\n<p><\/p>\n<tr>\n<td><font size=\"-1\">Bio:<\/font><\/td>\n<td><font size=\"-1\"><strong>NEIN<\/strong><\/font><\/td>\n<\/tr>\n<p><\/p>\n<tr>\n<td><font size=\"-1\">enth\u00e4lt Allergene:<\/font><\/td>\n<td><font size=\"-1\"><strong>&#8211;<\/strong><\/font><\/td>\n<\/tr>\n<p><\/table>\n","protected":false},"excerpt":{"rendered":"<p>Die pure Kraft der&nbsp;Dornfelder &#8211; Traube N\u00e4hrwertngaben\/pro 100ml:Brennwert: 293kJ\/69 kcalKohlenhydrate 16,7gdavon Zucker 16,7gEnth\u00e4lt geringf\u00fcgige Mengen von Fett,ges\u00e4ttigten Fetts\u00e4uren, Eiwei\u00df und Salz Zutaten: TraubensaftMindestens haltbar bis:12\/2025 Artikelnummer: 999 Inhalt 1,0 Ltr. Preis\/Ltr. 3,80 EUR pro Ltr. Weinart: Traubensaft rot Qualit&auml;tsstufe Traubensaft Rebsorte Dornfelder Alkoholgehalt Bio: NEIN enth\u00e4lt Allergene: &#8211;<\/p>\n","protected":false},"featured_media":27804,"template":"","meta":[],"product_brand":[],"product_cat":[1370],"product_tag":[],"class_list":{"0":"post-27881","1":"product","2":"type-product","3":"status-publish","4":"has-post-thumbnail","6":"product_cat-saft","8":"first","9":"instock","10":"taxable","11":"shipping-taxable","12":"purchasable","13":"product-type-simple"},"_links":{"self":[{"href":"https:\/\/weingut-kaufmann-ziegler.de\/catalog\/wp-json\/wp\/v2\/product\/27881","targetHints":{"allow":["GET"]}}],"collection":[{"href":"https:\/\/weingut-kaufmann-ziegler.de\/catalog\/wp-json\/wp\/v2\/product"}],"about":[{"href":"https:\/\/weingut-kaufmann-ziegler.de\/catalog\/wp-json\/wp\/v2\/types\/product"}],"wp:featuredmedia":[{"embeddable":true,"href":"https:\/\/weingut-kaufmann-ziegler.de\/catalog\/wp-json\/wp\/v2\/media\/27804"}],"wp:attachment":[{"href":"https:\/\/weingut-kaufmann-ziegler.de\/catalog\/wp-json\/wp\/v2\/media?parent=27881"}],"wp:term":[{"taxonomy":"product_brand","embeddable":true,"href":"https:\/\/weingut-kaufmann-ziegler.de\/catalog\/wp-json\/wp\/v2\/product_brand?post=27881"},{"taxonomy":"product_cat","embeddable":true,"href":"https:\/\/weingut-kaufmann-ziegler.de\/catalog\/wp-json\/wp\/v2\/product_cat?post=27881"},{"taxonomy":"product_tag","embeddable":true,"href":"https:\/\/weingut-kaufmann-ziegler.de\/catalog\/wp-json\/wp\/v2\/product_tag?post=27881"}],"curies":[{"name":"wp","href":"https:\/\/api.w.org\/{rel}","templated":true}]}}