{"id":27866,"date":"2025-04-16T12:22:45","date_gmt":"2025-04-16T10:22:45","guid":{"rendered":"https:\/\/weingut-kaufmann-ziegler.de\/catalog\/produkt\/artikel-nr-810riesling-minus-a-entalkoholisiert\/"},"modified":"2026-03-28T13:23:42","modified_gmt":"2026-03-28T12:23:42","slug":"artikel-nr-810riesling-minus-a-entalkoholisiert","status":"publish","type":"product","link":"https:\/\/weingut-kaufmann-ziegler.de\/catalog\/produkt\/artikel-nr-810riesling-minus-a-entalkoholisiert\/","title":{"rendered":"<br>Artikel-Nr.: 810<br>Riesling Minus A (entalkoholisiert)<br>"},"content":{"rendered":"\n<div align=\"left\"><font size=\"2\"><br \/><!-- IBGHTML -->Entdecken Sie unseren neuen Riesling minus A. Entalkoholisierter Riesling (&lt;0,5% vol Alkohol).<br \/>Die Alternative aus unserem Hause. Er \u00fcberzeugt mit seiner fruchtig-spritzigen Art.<\/p>\n<p>Auch f\u00fcr eine alkoholfreie Schorle gut geeignet!<\/p>\n<p><u>N\u00e4hrwertangaben\/pro 100ml:<\/u><br \/>Energie: 77kJ\/18kcal<br \/>Kohlenhydrate: 4,4g<br \/>davon Zucker: 3,8g<br \/>Enth\u00e4lt geringf\u00fcgige Mengen von Fett,<br \/>ges\u00e4ttigten Fetts\u00e4uren, Eiwei\u00df und Salz.<\/p>\n<p>Zutaten:entakoholisierter Wein, rektifiziertes Traubenmostkonzentrat, Kohlens\u00e4ure, Konservierungsstoff:Schwefeldioxid<br \/>Mindestens haltbar bis: 08\/2026<br \/>Nach dem \u00d6ffnen k\u00fchl lagern und binnen 2 Tagen&nbsp;verbrauchen&nbsp;<\/p>\n<p> <\/font><\/div>\n<table WIDTH=\"60%\" BORDER=\"0\" align=\"left\" CELLPADDING=\"0\" CELLSPACING=\"0\"><\/p>\n<tr><\/p>\n<td width=\"53%\"><font size=\"-1\">Artikelnummer:<\/font><\/td>\n<td width=\"47%\"><font size=\"-1\"><strong>810<\/strong><\/font><\/td>\n<p><\/tr>\n<tr><\/p>\n<td><font size=\"-1\">Inhalt<\/font><\/td>\n<td><font size=\"-1\"><strong>0,75 Ltr.<\/strong><\/font><\/td>\n<p><\/tr>\n<tr ALIGN=\"LEFT\"><\/p>\n<td><font size=\"-1\">Preis\/Ltr.<\/font><\/td>\n<td><font size=\"-1\"><strong>10,00 EUR pro Ltr.<\/strong><\/font><\/td>\n<p><\/tr>\n<tr><\/p>\n<td><font size=\"-1\">Weinart:<\/font><\/td>\n<td><font size=\"-1\"><strong><\/strong><\/font><\/td>\n<p><\/tr>\n<tr><\/p>\n<td><font size=\"-1\">Qualit&auml;tsstufe<\/font><\/td>\n<td><font size=\"-1\"><strong><\/strong><\/font><\/td>\n<p><\/tr>\n<tr><\/p>\n<td><font size=\"-1\">Rebsorte<\/font><\/td>\n<td><font size=\"-1\"><strong><\/strong><\/font><\/td>\n<p><\/tr>\n<p><\/p>\n<td><font size=\"-1\">Alkoholgehalt<\/font><\/td>\n<td><font size=\"-1\"><strong>0,5 Vol. %<\/strong><\/font><\/td>\n<p><\/tr>\n<p><\/p>\n<tr>\n<td><font size=\"-1\">Bio:<\/font><\/td>\n<td><font size=\"-1\"><strong>NEIN<\/strong><\/font><\/td>\n<\/tr>\n<p><\/p>\n<tr>\n<td><font size=\"-1\">enth\u00e4lt Allergene:<\/font><\/td>\n<td><font size=\"-1\"><strong>Sulfite<\/strong><\/font><\/td>\n<\/tr>\n<p><\/table>\n","protected":false},"excerpt":{"rendered":"<p>Entdecken Sie unseren neuen Riesling minus A. Entalkoholisierter Riesling (&lt;0,5% vol Alkohol).Die Alternative aus unserem Hause. Er \u00fcberzeugt mit seiner fruchtig-spritzigen Art. Auch f\u00fcr eine alkoholfreie Schorle gut geeignet! N\u00e4hrwertangaben\/pro 100ml:Energie: 77kJ\/18kcalKohlenhydrate: 4,4gdavon Zucker: 3,8gEnth\u00e4lt geringf\u00fcgige Mengen von Fett,ges\u00e4ttigten Fetts\u00e4uren, Eiwei\u00df und Salz. Zutaten:entakoholisierter Wein, rektifiziertes Traubenmostkonzentrat, Kohlens\u00e4ure, Konservierungsstoff:SchwefeldioxidMindestens haltbar bis: 08\/2026Nach dem \u00d6ffnen k\u00fchl [&hellip;]<\/p>\n","protected":false},"featured_media":27793,"template":"","meta":[],"product_brand":[],"product_cat":[1364],"product_tag":[],"class_list":{"0":"post-27866","1":"product","2":"type-product","3":"status-publish","4":"has-post-thumbnail","6":"product_cat-weissweine","8":"first","9":"instock","10":"taxable","11":"shipping-taxable","12":"purchasable","13":"product-type-simple"},"_links":{"self":[{"href":"https:\/\/weingut-kaufmann-ziegler.de\/catalog\/wp-json\/wp\/v2\/product\/27866","targetHints":{"allow":["GET"]}}],"collection":[{"href":"https:\/\/weingut-kaufmann-ziegler.de\/catalog\/wp-json\/wp\/v2\/product"}],"about":[{"href":"https:\/\/weingut-kaufmann-ziegler.de\/catalog\/wp-json\/wp\/v2\/types\/product"}],"wp:featuredmedia":[{"embeddable":true,"href":"https:\/\/weingut-kaufmann-ziegler.de\/catalog\/wp-json\/wp\/v2\/media\/27793"}],"wp:attachment":[{"href":"https:\/\/weingut-kaufmann-ziegler.de\/catalog\/wp-json\/wp\/v2\/media?parent=27866"}],"wp:term":[{"taxonomy":"product_brand","embeddable":true,"href":"https:\/\/weingut-kaufmann-ziegler.de\/catalog\/wp-json\/wp\/v2\/product_brand?post=27866"},{"taxonomy":"product_cat","embeddable":true,"href":"https:\/\/weingut-kaufmann-ziegler.de\/catalog\/wp-json\/wp\/v2\/product_cat?post=27866"},{"taxonomy":"product_tag","embeddable":true,"href":"https:\/\/weingut-kaufmann-ziegler.de\/catalog\/wp-json\/wp\/v2\/product_tag?post=27866"}],"curies":[{"name":"wp","href":"https:\/\/api.w.org\/{rel}","templated":true}]}}