{"id":27864,"date":"2025-04-16T12:22:43","date_gmt":"2025-04-16T10:22:43","guid":{"rendered":"https:\/\/weingut-kaufmann-ziegler.de\/catalog\/produkt\/artikel-nr-7602021-burgunder-cuvee-handwerk-trocken-barrique-075l\/"},"modified":"2026-03-28T12:59:45","modified_gmt":"2026-03-28T11:59:45","slug":"artikel-nr-7602021-burgunder-cuvee-handwerk-trocken-barrique-075l","status":"publish","type":"product","link":"https:\/\/weingut-kaufmann-ziegler.de\/catalog\/produkt\/artikel-nr-7602021-burgunder-cuvee-handwerk-trocken-barrique-075l\/","title":{"rendered":"<br>Artikel-Nr.: 760<br>2021 Burgunder Cuve\u00e9 HandWerk trocken Barrique 0,75l<br>"},"content":{"rendered":"\n<div align=\"left\"><font size=\"2\"><br \/><!-- IBGHTML -->Unsere Lagenweine stammen aus unseren wertvollsten Lagen, vom Weyherer Michelsberg. Sie zeichnen sich durch perfekte Balance zwischen Reben, Boden, Standort und Klima aus. Freuen Sie sich auf ausdrucksstarke Weine f\u00fcr besondere Genusserlebnisse.<\/p>\n<p>Die Cuv\u00e9e aus Wei\u00df-und Grauburgunder \u00fcberzeugt&nbsp;als gelungenen Gesamtkomposition&nbsp;mit einem feinen Kuss vom Holz!<br \/><!-- IBGHTML --><br \/> <\/font><\/div>\n<table WIDTH=\"60%\" BORDER=\"0\" align=\"left\" CELLPADDING=\"0\" CELLSPACING=\"0\"><\/p>\n<tr><\/p>\n<td width=\"53%\"><font size=\"-1\">Artikelnummer:<\/font><\/td>\n<td width=\"47%\"><font size=\"-1\"><strong>760<\/strong><\/font><\/td>\n<p><\/tr>\n<tr><\/p>\n<td><font size=\"-1\">Inhalt<\/font><\/td>\n<td><font size=\"-1\"><strong>0,75 Ltr.<\/strong><\/font><\/td>\n<p><\/tr>\n<tr ALIGN=\"LEFT\"><\/p>\n<td><font size=\"-1\">Preis\/Ltr.<\/font><\/td>\n<td><font size=\"-1\"><strong>14,13 EUR pro Ltr.<\/strong><\/font><\/td>\n<p><\/tr>\n<tr><\/p>\n<td><font size=\"-1\">Weinart:<\/font><\/td>\n<td><font size=\"-1\"><strong>Wei\u00dfwein<\/strong><\/font><\/td>\n<p><\/tr>\n<tr><\/p>\n<td><font size=\"-1\">Qualit&auml;tsstufe<\/font><\/td>\n<td><font size=\"-1\"><strong>Qualit\u00e4tswein<\/strong><\/font><\/td>\n<p><\/tr>\n<tr><\/p>\n<td><font size=\"-1\">Rebsorte<\/font><\/td>\n<td><font size=\"-1\"><strong><\/strong><\/font><\/td>\n<p><\/tr>\n<p><\/p>\n<td><font size=\"-1\">Alkoholgehalt<\/font><\/td>\n<td><font size=\"-1\"><strong>13,5 Vol. %<\/strong><\/font><\/td>\n<p><\/tr>\n<p><\/p>\n<tr>\n<td><font size=\"-1\">Bio:<\/font><\/td>\n<td><font size=\"-1\"><strong>NEIN<\/strong><\/font><\/td>\n<\/tr>\n<p><\/p>\n<tr>\n<td><font size=\"-1\">enth\u00e4lt Allergene:<\/font><\/td>\n<td><font size=\"-1\"><strong>Sulfite<\/strong><\/font><\/td>\n<\/tr>\n<p><\/table>\n","protected":false},"excerpt":{"rendered":"<p>Unsere Lagenweine stammen aus unseren wertvollsten Lagen, vom Weyherer Michelsberg. Sie zeichnen sich durch perfekte Balance zwischen Reben, Boden, Standort und Klima aus. Freuen Sie sich auf ausdrucksstarke Weine f\u00fcr besondere Genusserlebnisse. Die Cuv\u00e9e aus Wei\u00df-und Grauburgunder \u00fcberzeugt&nbsp;als gelungenen Gesamtkomposition&nbsp;mit einem feinen Kuss vom Holz! Artikelnummer: 760 Inhalt 0,75 Ltr. Preis\/Ltr. 14,13 EUR pro Ltr. [&hellip;]<\/p>\n","protected":false},"featured_media":27769,"template":"","meta":[],"product_brand":[],"product_cat":[1369],"product_tag":[],"class_list":{"0":"post-27864","1":"product","2":"type-product","3":"status-publish","4":"has-post-thumbnail","6":"product_cat-edition-handwerk","8":"first","9":"instock","10":"taxable","11":"shipping-taxable","12":"purchasable","13":"product-type-simple"},"_links":{"self":[{"href":"https:\/\/weingut-kaufmann-ziegler.de\/catalog\/wp-json\/wp\/v2\/product\/27864","targetHints":{"allow":["GET"]}}],"collection":[{"href":"https:\/\/weingut-kaufmann-ziegler.de\/catalog\/wp-json\/wp\/v2\/product"}],"about":[{"href":"https:\/\/weingut-kaufmann-ziegler.de\/catalog\/wp-json\/wp\/v2\/types\/product"}],"wp:featuredmedia":[{"embeddable":true,"href":"https:\/\/weingut-kaufmann-ziegler.de\/catalog\/wp-json\/wp\/v2\/media\/27769"}],"wp:attachment":[{"href":"https:\/\/weingut-kaufmann-ziegler.de\/catalog\/wp-json\/wp\/v2\/media?parent=27864"}],"wp:term":[{"taxonomy":"product_brand","embeddable":true,"href":"https:\/\/weingut-kaufmann-ziegler.de\/catalog\/wp-json\/wp\/v2\/product_brand?post=27864"},{"taxonomy":"product_cat","embeddable":true,"href":"https:\/\/weingut-kaufmann-ziegler.de\/catalog\/wp-json\/wp\/v2\/product_cat?post=27864"},{"taxonomy":"product_tag","embeddable":true,"href":"https:\/\/weingut-kaufmann-ziegler.de\/catalog\/wp-json\/wp\/v2\/product_tag?post=27864"}],"curies":[{"name":"wp","href":"https:\/\/api.w.org\/{rel}","templated":true}]}}