{"id":10,"date":"2015-10-21T08:57:14","date_gmt":"2015-10-21T06:57:14","guid":{"rendered":"https:\/\/weingut-kaufmann-ziegler.de\/catalog\/?page_id=10"},"modified":"2018-05-29T12:51:45","modified_gmt":"2018-05-29T10:51:45","slug":"datenschutz","status":"publish","type":"page","link":"https:\/\/weingut-kaufmann-ziegler.de\/catalog\/datenschutz\/","title":{"rendered":"Datenschutz"},"content":{"rendered":"<p><!-- IBGHTML --><P>Datenschutzerkl\u00e4rung<\/P><br \/>\n<P>&nbsp;<\/P><br \/>\n<P>Die Nutzung unserer Seite ist ohne eine Angabe von personenbezogenen Daten m\u00f6glich. F\u00fcr die Nutzung einzelner Services unserer Seite k\u00f6nnen sich hierf\u00fcr abweichende Regelungen ergeben, die in diesem Falle nachstehend gesondert erl\u00e4utert werden. Ihre personenbezogenen Daten (z.B. Name, Anschrift, E-Mail, Telefonnummer, u.\u00e4.) werden von uns nur gem\u00e4\u00df den Bestimmungen des deutschen Datenschutzrechts verarbeitet. Daten sind dann personenbezogen, wenn sie eindeutig einer bestimmten nat\u00fcrlichen Person zugeordnet werden k\u00f6nnen. Die rechtlichen Grundlagen des Datenschutzes finden Sie im Bundesdatenschutzgesetz (BDSG) und dem Telemediengesetz (TMG). Nachstehende Regelungen informieren Sie insoweit \u00fcber die Art, den Umfang und Zweck der Erhebung, die Nutzung und die Verarbeitung von personenbezogenen Daten durch den Anbieter<\/P><br \/>\n<P>&nbsp;<\/P><br \/>\n<P>Familienweingut Kaufmann-Ziegler<br \/>\nInhaber: Walter Ziegler<br \/>\nRhodter Str. 6 + Josef-Meyer-Str. 4<br \/>\n76835 Weyher<br \/>\nTel: 06323\/3255 Fax:06323\/949045<br \/>\nE-Mail: info@weingut-kaufmann-ziegler.de<br \/>\ninfo@weingut-kaufmann-ziegler.de<br \/>\n<BR>&nbsp;<\/P><br \/>\n<P>Wir weisen darauf hin, dass die internetbasierte Daten\u00fcbertragung Sicherheitsl\u00fccken aufweist, ein l\u00fcckenloser Schutz vor Zugriffen durch Dritte somit unm\u00f6glich ist.<\/P><br \/>\n<P>&nbsp;<\/P><br \/>\n<P>Cookies<\/P><br \/>\n<P>&nbsp;<\/P><br \/>\n<P>Wir verwenden auf unserer Seite sog. Cookies zum Wiedererkennen mehrfacher Nutzung unseres Angebots, durch denselben Nutzer\/Internetanschlussinhaber. Cookies sind kleine Textdateien, die Ihr Internet-Browser auf Ihrem Rechner ablegt und speichert. Sie dienen dazu, unseren Internetauftritt und unsere Angebote zu optimieren. Es handelt sich dabei zumeist um sog. \u201cSession-Cookies\u201d, die nach dem Ende Ihres Besuches wieder gel\u00f6scht werden.<BR>Teilweise geben diese Cookies jedoch Informationen ab, um Sie automatisch wieder zu erkennen. Diese Wiedererkennung erfolgt aufgrund der in den Cookies gespeicherten IP-Adresse. Die so erlangten Informationen dienen dazu, unsere Angebote zu optimieren und Ihnen einen leichteren Zugang auf unsere Seite zu erm\u00f6glichen.<BR>Sie k\u00f6nnen die Installation der Cookies durch eine entsprechende Einstellung Ihres Browsers verhindern; wir weisen Sie jedoch darauf hin, dass Sie in diesem Fall gegebenenfalls nicht s\u00e4mtliche Funktionen unserer Website vollumf\u00e4nglich nutzen k\u00f6nnen.<\/P><br \/>\n<P>&nbsp;<\/P><br \/>\n<P>Registrierungsfunktion<\/P><br \/>\n<P>&nbsp;<\/P><br \/>\n<P>Wir bieten Ihnen auf unserer Seite die M\u00f6glichkeit, sich dort zu registrieren. Die im Zuge dieser Registrierung eingegebenen Daten, die aus der Eingabemaske des Registrierungsformular ersichtlich sind<\/P><br \/>\n<P>&nbsp;<\/P><br \/>\n<P>Name, E-Mmailadresse, Anschrift<\/P><br \/>\n<P>&nbsp;<\/P><br \/>\n<P>werden ausschlie\u00dflich f\u00fcr die Verwendung unseres Angebots erhoben und gespeichert. Mit Ihrer Registrierung auf unserer Seite werden wir zudem Ihre IP-Adresse und das Datum sowie die Uhrzeit Ihrer Registrierung speichern. Dies dient in dem Fall, dass ein Dritter Ihre Daten missbraucht und sich mit diesen Daten ohne Ihr Wissen auf unserer Seite registriert, als Absicherung unsererseits.&nbsp; Eine Weitergabe an Dritte erfolgt nicht. Ein Abgleich der so erhobenen Daten mit Daten, die m\u00f6glicherweise durch andere Komponenten unserer Seite erhoben werden, erfolgt ebenfalls nicht.<\/P><br \/>\n<P>&nbsp;<\/P><br \/>\n<P>Newsletter<\/P><br \/>\n<P>&nbsp;<\/P><br \/>\n<P>Wir bieten Ihnen auf unserer Seite die M\u00f6glichkeit, unseren Newsletter zu abonnieren. Mit diesem Newsletter informieren wir in regelm\u00e4\u00dfigen Abst\u00e4nden \u00fcber unsere Angebote. Um unseren Newsletter empfangen zu k\u00f6nnen, ben\u00f6tigen Sie eine g\u00fcltige E-Mailadresse. Die von Ihnen eingetragene E-Mail-Adresse werden wir dahingehend \u00fcberpr\u00fcfen, ob Sie tats\u00e4chlich der Inhaber der angegebenen E-Mail-Adresse sind bzw. deren Inhaber den Empfang des Newsletters autorisiert ist. Mit Ihrer Anmeldung zu unserem Newsletter werden wir Ihre IP-Adresse und das Datum sowie die Uhrzeit Ihrer Anmeldung speichern. Dies dient in dem Fall, dass ein Dritter Ihre E-Mail-Adresse missbraucht und ohne Ihr Wissen unseren Newsletter abonniert, als Absicherung unsererseits. Weitere Daten werden unsererseits nicht erhoben. Die so erhobenen Daten werden ausschlie\u00dflich f\u00fcr den Bezug unseres Newsletters verwendet. Eine Weitergabe an Dritte erfolgt nicht. Ein Abgleich der so erhobenen Daten mit Daten, die m\u00f6glicherweise durch andere Komponenten unserer Seite erhoben werden, erfolgt ebenfalls nicht. Das Abonnement dieses Newsletters k\u00f6nnen Sie jederzeit k\u00fcndigen. Einzelheiten hierzu k\u00f6nnen Sie der Best\u00e4tigungsmail sowie jedem einzelnen Newsletter entnehmen.<\/P><br \/>\n<P>&nbsp;<\/P><br \/>\n<P>Einsatz von Google-Analytics mit Anonymisierungsfunktion<\/P><br \/>\n<P>&nbsp;<\/P><br \/>\n<P>Wir setzen auf unserer Seite Google-Analytics, einen Webanalysedienst der Firma Google Inc., 1600 Amphitheatre Parkway, Mountain View, CA 94043 USA, nachfolgend Google ein. Google-Analytics verwendet sog. Cookies, Textdateien, die auf Ihrem Computer gespeichert werden und hierdurch eine Analyse der Benutzung der Website durch Sie erm\u00f6glichen.<BR>Die durch diese Cookies erzeugten Informationen, beispielsweise Zeit, Ort und H\u00e4ufigkeit Ihres Webseiten-Besuchs einschlie\u00dflich Ihrer IP-Adresse, werden an Google in den USA \u00fcbertragen und dort gespeichert.<BR>Wir verwenden auf unserer Website Google-Analytics mit dem Zusatz \u201c_gat._anonymizeIp\u201d. Ihre IP-Adresse wird in diesem Fall von Google schon innerhalb von Mitgliedstaaten der Europ\u00e4ischen Union oder in anderen Vertragsstaaten des Abkommens \u00fcber den Europ\u00e4ischen Wirtschaftsraum gek\u00fcrzt und dadurch anonymisiert.<BR>Google wird diese Informationen benutzen, um Ihre Nutzung unserer Seite auszuwerten, um Reports \u00fcber die Websiteaktivit\u00e4ten f\u00fcr uns zusammenzustellen und um weitere mit der Websitenutzung und der Internetnutzung verbundene Dienstleistungen zu erbringen. Auch wird Google diese Informationen gegebenenfalls an Dritte \u00fcbertragen, sofern dies gesetzlich vorgeschrieben oder soweit Dritte diese Daten im Auftrag von Google verarbeiten.<BR>Google wird, nach eigenen Angaben, in keinem Fall Ihre IP-Adresse mit anderen Daten von Google in Verbindung bringen. Sie k\u00f6nnen die Installation der Cookies durch eine entsprechende Einstellung Ihrer Browser-Software verhindern; wir weisen Sie jedoch darauf hin, dass Sie in diesem Fall gegebenenfalls nicht s\u00e4mtliche Funktionen unserer Website vollumf\u00e4nglich nutzen k\u00f6nnen.<\/P><br \/>\n<P>&nbsp;<\/P><br \/>\n<P>Des Weiteren bietet Google f\u00fcr die g\u00e4ngigsten Browser ein Deaktivierungs-Add-on an, welches Ihnen mehr Kontrolle dar\u00fcber gibt, welche Daten von Google zu der von Ihnen aufgerufenen Websites erfasst werden. Das Add-on teilt dem JavaScript (ga.js) von Google Analytics mit, dass keine Informationen zum Website-Besuch an Google Analytics \u00fcbermittelt werden sollen. Das Deaktivierungs-Add-on f\u00fcr Browser von Google Analytics verhindert aber nicht, dass Informationen an uns oder an andere von uns gegebenenfalls eingesetzte Webanalyse-Services \u00fcbermittelt werden. Weitere Informationen zur Installation des Browser Add-on erhalten Sie \u00fcber nachfolgenden Link: <A href=\"https:\/\/tools.google.com\/dlpage\/gaoptout?hl=de\">https:\/\/tools.google.com\/dlpage\/gaoptout?hl=de<\/A><\/P><br \/>\n<P>&nbsp;<BR>Auskunft\/Widerruf\/L\u00f6schung<\/P><br \/>\n<P>&nbsp;<\/P><br \/>\n<P>Sie k\u00f6nnen sich aufgrund des Bundesdatenschutzgesetzes bei Fragen zur Erhebung, Verarbeitung oder Nutzung Ihrer personenbezogenen Daten und deren Berichtigung, Sperrung, L\u00f6schung oder einem Widerruf einer erteilten Einwilligung unentgeltlich an uns wenden. Wir weisen darauf hin, dass Ihnen ein Recht auf Berichtigung falscher Daten oder L\u00f6schung personenbezogener Daten zusteht, sollte diesem Anspruch keine gesetzliche Aufbewahrungspflicht entgegenstehen.<\/P><br \/>\n<P>Muster-Datenschutzerkl\u00e4rung der Anwaltskanzlei Wei\u00df &amp; Partner<\/P><br \/>\n<P>&nbsp;<\/P><\/p>\n","protected":false},"excerpt":{"rendered":"<p>Datenschutzerkl\u00e4rung &nbsp; Die Nutzung unserer Seite ist ohne eine Angabe von personenbezogenen Daten m\u00f6glich. F\u00fcr die Nutzung einzelner Services unserer Seite k\u00f6nnen sich hierf\u00fcr abweichende Regelungen ergeben, die in diesem Falle nachstehend gesondert erl\u00e4utert werden. Ihre personenbezogenen Daten (z.B. Name, Anschrift, E-Mail, Telefonnummer, u.\u00e4.) werden von uns nur gem\u00e4\u00df den Bestimmungen des deutschen Datenschutzrechts verarbeitet. [&hellip;]<\/p>\n","protected":false},"author":1,"featured_media":0,"parent":0,"menu_order":0,"comment_status":"closed","ping_status":"closed","template":"","meta":{"footnotes":""},"class_list":["post-10","page","type-page","status-publish","hentry"],"_links":{"self":[{"href":"https:\/\/weingut-kaufmann-ziegler.de\/catalog\/wp-json\/wp\/v2\/pages\/10","targetHints":{"allow":["GET"]}}],"collection":[{"href":"https:\/\/weingut-kaufmann-ziegler.de\/catalog\/wp-json\/wp\/v2\/pages"}],"about":[{"href":"https:\/\/weingut-kaufmann-ziegler.de\/catalog\/wp-json\/wp\/v2\/types\/page"}],"author":[{"embeddable":true,"href":"https:\/\/weingut-kaufmann-ziegler.de\/catalog\/wp-json\/wp\/v2\/users\/1"}],"replies":[{"embeddable":true,"href":"https:\/\/weingut-kaufmann-ziegler.de\/catalog\/wp-json\/wp\/v2\/comments?post=10"}],"version-history":[{"count":4,"href":"https:\/\/weingut-kaufmann-ziegler.de\/catalog\/wp-json\/wp\/v2\/pages\/10\/revisions"}],"predecessor-version":[{"id":11588,"href":"https:\/\/weingut-kaufmann-ziegler.de\/catalog\/wp-json\/wp\/v2\/pages\/10\/revisions\/11588"}],"wp:attachment":[{"href":"https:\/\/weingut-kaufmann-ziegler.de\/catalog\/wp-json\/wp\/v2\/media?parent=10"}],"curies":[{"name":"wp","href":"https:\/\/api.w.org\/{rel}","templated":true}]}}